{"id":159,"date":"2025-02-25T16:08:17","date_gmt":"2025-02-25T16:08:17","guid":{"rendered":"http:\/\/localhost:8080\/?page_id=159"},"modified":"2025-04-08T14:25:41","modified_gmt":"2025-04-08T14:25:41","slug":"nyelvtanitas","status":"publish","type":"page","link":"https:\/\/nemethadam.hu\/index.php\/nyelvtanitas\/","title":{"rendered":"Nyelvtan\u00edt\u00e1s"},"content":{"rendered":"\t\t<div data-elementor-type=\"wp-page\" data-elementor-id=\"159\" class=\"elementor elementor-159\">\n\t\t\t\t<div class=\"elementor-element elementor-element-66b53e0 e-flex e-con-boxed e-con e-parent\" data-id=\"66b53e0\" data-element_type=\"container\">\n\t\t\t\t\t<div class=\"e-con-inner\">\n\t\t\t\t<div class=\"elementor-element elementor-element-c87f219 elementor-widget elementor-widget-text-editor\" data-id=\"c87f219\" data-element_type=\"widget\" data-widget_type=\"text-editor.default\">\n\t\t\t\t<div class=\"elementor-widget-container\">\n\t\t\t\t\t\t\t\t\t<p>16 \u00e9ves korom \u00f3ta foglalkozom nyelvtan\u00edt\u00e1ssal. Mag\u00e1n nyelvtan\u00e1rk\u00e9nt az otthonomban szem\u00e9lyesen \u00e9s online tan\u00edtok koroszt\u00e1lyt\u00f3l f\u00fcggetlen\u00fcl.<\/p><p>Magam is folyamatosan tanulok valamilyen idegen nyelvet, \u00edgy j\u00f3l ismerem, hogy milyen nehzs\u00e9gekkel tal\u00e1lkozik valaki, amikor nyelvet tanul.<\/p>\t\t\t\t\t\t\t\t<\/div>\n\t\t\t\t<\/div>\n\t\t\t\t\t<\/div>\n\t\t\t\t<\/div>\n\t\t<div class=\"elementor-element elementor-element-2bd7d1f e-flex e-con-boxed e-con e-parent\" data-id=\"2bd7d1f\" data-element_type=\"container\">\n\t\t\t\t\t<div class=\"e-con-inner\">\n\t\t\t\t<div class=\"elementor-element elementor-element-837c46c elementor-widget elementor-widget-heading\" data-id=\"837c46c\" data-element_type=\"widget\" data-widget_type=\"heading.default\">\n\t\t\t\t<div class=\"elementor-widget-container\">\n\t\t\t\t\t<h2 class=\"elementor-heading-title elementor-size-default\">C\u00e9ges nyelvtan\u00edt\u00e1s<\/h2>\t\t\t\t<\/div>\n\t\t\t\t<\/div>\n\t\t\t\t<div class=\"elementor-element elementor-element-e0db150 elementor-widget elementor-widget-text-editor\" data-id=\"e0db150\" data-element_type=\"widget\" data-widget_type=\"text-editor.default\">\n\t\t\t\t<div class=\"elementor-widget-container\">\n\t\t\t\t\t\t\t\t\t<p>2005 \u00f3ta \u00e1lland\u00f3 partnerem a <a href=\"http:\/\/www.primerate.hu\">Prime Rate Zrt.<\/a>, ahol feln\u0151tteket tan\u00edtok hol csoportban, hol egy\u00e9nenk\u00e9nt angol, n\u00e9met \u00e9s francia nyelvre.\u00a0<br \/>Az \u00f3r\u00e1kat a koronav\u00edrusig szem\u00e9lyesen tartottam, az\u00f3ta viszont online folyik a tan\u00edt\u00e1s.<\/p>\t\t\t\t\t\t\t\t<\/div>\n\t\t\t\t<\/div>\n\t\t\t\t\t<\/div>\n\t\t\t\t<\/div>\n\t\t<div class=\"elementor-element elementor-element-ae6a3d5 e-flex e-con-boxed e-con e-parent\" data-id=\"ae6a3d5\" data-element_type=\"container\">\n\t\t\t\t\t<div class=\"e-con-inner\">\n\t\t\t\t<div class=\"elementor-element elementor-element-f134187 elementor-widget elementor-widget-heading\" data-id=\"f134187\" data-element_type=\"widget\" data-widget_type=\"heading.default\">\n\t\t\t\t<div class=\"elementor-widget-container\">\n\t\t\t\t\t<h2 class=\"elementor-heading-title elementor-size-default\">Szem\u00e9lyes nyelvtan\u00edt\u00e1s<\/h2>\t\t\t\t<\/div>\n\t\t\t\t<\/div>\n\t\t\t\t<div class=\"elementor-element elementor-element-09d36aa elementor-widget elementor-widget-text-editor\" data-id=\"09d36aa\" data-element_type=\"widget\" data-widget_type=\"text-editor.default\">\n\t\t\t\t<div class=\"elementor-widget-container\">\n\t\t\t\t\t\t\t\t\t<p>A Budapest XVII. ker\u00fcleti lakc\u00edmemen v\u00e1rom azokat a tanul\u00f3kat, akik szem\u00e9lyes nyelv\u00f3r\u00e1ra szeretn\u00e9nek hozz\u00e1m j\u00e1rni.<\/p>\t\t\t\t\t\t\t\t<\/div>\n\t\t\t\t<\/div>\n\t\t\t\t\t<\/div>\n\t\t\t\t<\/div>\n\t\t<div class=\"elementor-element elementor-element-668d0f4 e-flex e-con-boxed e-con e-parent\" data-id=\"668d0f4\" data-element_type=\"container\">\n\t\t\t\t\t<div class=\"e-con-inner\">\n\t\t\t\t<div class=\"elementor-element elementor-element-27e7771 elementor-widget elementor-widget-heading\" data-id=\"27e7771\" data-element_type=\"widget\" data-widget_type=\"heading.default\">\n\t\t\t\t<div class=\"elementor-widget-container\">\n\t\t\t\t\t<h2 class=\"elementor-heading-title elementor-size-default\">Online nyelvtan\u00edt\u00e1s<\/h2>\t\t\t\t<\/div>\n\t\t\t\t<\/div>\n\t\t\t\t<div class=\"elementor-element elementor-element-4f0ce41 elementor-widget elementor-widget-text-editor\" data-id=\"4f0ce41\" data-element_type=\"widget\" data-widget_type=\"text-editor.default\">\n\t\t\t\t<div class=\"elementor-widget-container\">\n\t\t\t\t\t\t\t\t\t<p>Online \u00f3r\u00e1kat Messengeren vagy Google Meeten tartok.<\/p>\t\t\t\t\t\t\t\t<\/div>\n\t\t\t\t<\/div>\n\t\t\t\t<div class=\"elementor-element elementor-element-434b9da elementor-widget-divider--view-line elementor-widget elementor-widget-divider\" data-id=\"434b9da\" data-element_type=\"widget\" data-widget_type=\"divider.default\">\n\t\t\t\t<div class=\"elementor-widget-container\">\n\t\t\t\t\t\t\t<div class=\"elementor-divider\">\n\t\t\t<span class=\"elementor-divider-separator\">\n\t\t\t\t\t\t<\/span>\n\t\t<\/div>\n\t\t\t\t\t\t<\/div>\n\t\t\t\t<\/div>\n\t\t\t\t<div class=\"elementor-element elementor-element-c43e073 elementor-widget elementor-widget-text-editor\" data-id=\"c43e073\" data-element_type=\"widget\" data-widget_type=\"text-editor.default\">\n\t\t\t\t<div class=\"elementor-widget-container\">\n\t\t\t\t\t\t\t\t\t<p><strong>angol<\/strong> \u2013 kezd\u0151t\u0151l fels\u0151fok\u00fa szintig<\/p><p><strong>n\u00e9met<\/strong> \u2013 kezd\u0151t\u0151l fels\u0151fok\u00fa szintig<\/p><p>T\u00e1rsalg\u00e1s, nyelvtan gyakorl\u00e1sa, korrepet\u00e1l\u00e1s, k\u00f6z\u00e9piskolai felv\u00e9telire val\u00f3 felk\u00e9sz\u00edt\u00e9s, nyelvvizsg\u00e1ra val\u00f3 felk\u00e9sz\u00edt\u00e9s, k\u00f6z\u00e9p- vagy emelt szint\u0171 \u00e9retts\u00e9gire val\u00f3 felk\u00e9sz\u00edt\u00e9s, gazdas\u00e1gi nyelv, szakmai nyelv\u00f3r\u00e1k k\u00fclf\u00f6ldi munkav\u00e9gz\u00e9shez val\u00f3 felk\u00e9sz\u00fcl\u00e9shez, \u00e1ll\u00e1sinterj\u00fara val\u00f3 felk\u00e9sz\u00edt\u00e9s<\/p><p>Ig\u00e9ny szerint \u00e9s megbesz\u00e9l\u00e9s alapj\u00e1n egy\u00e9b nyelvek tan\u00edt\u00e1s\u00e1t is v\u00e1llalom.<\/p>\t\t\t\t\t\t\t\t<\/div>\n\t\t\t\t<\/div>\n\t\t\t\t\t<\/div>\n\t\t\t\t<\/div>\n\t\t<div class=\"elementor-element elementor-element-a1b2606 e-flex e-con-boxed e-con e-parent\" data-id=\"a1b2606\" data-element_type=\"container\">\n\t\t\t\t\t<div class=\"e-con-inner\">\n\t\t\t\t<div class=\"elementor-element elementor-element-3327e0a elementor-align-center elementor-widget elementor-widget-button\" data-id=\"3327e0a\" data-element_type=\"widget\" data-widget_type=\"button.default\">\n\t\t\t\t<div class=\"elementor-widget-container\">\n\t\t\t\t\t\t\t\t\t<div class=\"elementor-button-wrapper\">\n\t\t\t\t\t<a class=\"elementor-button elementor-button-link elementor-size-sm\" href=\"http:\/\/localhost:8080\/index.php\/kapcsolat\/\">\n\t\t\t\t\t\t<span class=\"elementor-button-content-wrapper\">\n\t\t\t\t\t\t\t\t\t<span class=\"elementor-button-text\">Kapcsolatfelv\u00e9tel<\/span>\n\t\t\t\t\t<\/span>\n\t\t\t\t\t<\/a>\n\t\t\t\t<\/div>\n\t\t\t\t\t\t\t\t<\/div>\n\t\t\t\t<\/div>\n\t\t\t\t\t<\/div>\n\t\t\t\t<\/div>\n\t\t\t\t<\/div>\n\t\t","protected":false},"excerpt":{"rendered":"<p>16 \u00e9ves korom \u00f3ta foglalkozom nyelvtan\u00edt\u00e1ssal. Mag\u00e1n nyelvtan\u00e1rk\u00e9nt az otthonomban szem\u00e9lyesen \u00e9s online tan\u00edtok koroszt\u00e1lyt\u00f3l f\u00fcggetlen\u00fcl. Magam is folyamatosan tanulok valamilyen idegen nyelvet, \u00edgy j\u00f3l ismerem, hogy milyen nehzs\u00e9gekkel tal\u00e1lkozik valaki, amikor nyelvet tanul. C\u00e9ges nyelvtan\u00edt\u00e1s 2005 \u00f3ta \u00e1lland\u00f3 partnerem a Prime Rate Zrt., ahol feln\u0151tteket tan\u00edtok hol csoportban, hol egy\u00e9nenk\u00e9nt angol, n\u00e9met \u00e9s francia [&hellip;]<\/p>\n","protected":false},"author":1,"featured_media":0,"parent":0,"menu_order":0,"comment_status":"closed","ping_status":"closed","template":"","meta":{"ocean_post_layout":"","ocean_both_sidebars_style":"","ocean_both_sidebars_content_width":0,"ocean_both_sidebars_sidebars_width":0,"ocean_sidebar":"","ocean_second_sidebar":"","ocean_disable_margins":"enable","ocean_add_body_class":"","ocean_shortcode_before_top_bar":"","ocean_shortcode_after_top_bar":"","ocean_shortcode_before_header":"","ocean_shortcode_after_header":"","ocean_has_shortcode":"","ocean_shortcode_after_title":"","ocean_shortcode_before_footer_widgets":"","ocean_shortcode_after_footer_widgets":"","ocean_shortcode_before_footer_bottom":"","ocean_shortcode_after_footer_bottom":"","ocean_display_top_bar":"default","ocean_display_header":"default","ocean_header_style":"","ocean_center_header_left_menu":"","ocean_custom_header_template":"","ocean_custom_logo":0,"ocean_custom_retina_logo":0,"ocean_custom_logo_max_width":0,"ocean_custom_logo_tablet_max_width":0,"ocean_custom_logo_mobile_max_width":0,"ocean_custom_logo_max_height":0,"ocean_custom_logo_tablet_max_height":0,"ocean_custom_logo_mobile_max_height":0,"ocean_header_custom_menu":"","ocean_menu_typo_font_family":"","ocean_menu_typo_font_subset":"","ocean_menu_typo_font_size":0,"ocean_menu_typo_font_size_tablet":0,"ocean_menu_typo_font_size_mobile":0,"ocean_menu_typo_font_size_unit":"px","ocean_menu_typo_font_weight":"","ocean_menu_typo_font_weight_tablet":"","ocean_menu_typo_font_weight_mobile":"","ocean_menu_typo_transform":"","ocean_menu_typo_transform_tablet":"","ocean_menu_typo_transform_mobile":"","ocean_menu_typo_line_height":0,"ocean_menu_typo_line_height_tablet":0,"ocean_menu_typo_line_height_mobile":0,"ocean_menu_typo_line_height_unit":"","ocean_menu_typo_spacing":0,"ocean_menu_typo_spacing_tablet":0,"ocean_menu_typo_spacing_mobile":0,"ocean_menu_typo_spacing_unit":"","ocean_menu_link_color":"","ocean_menu_link_color_hover":"","ocean_menu_link_color_active":"","ocean_menu_link_background":"","ocean_menu_link_hover_background":"","ocean_menu_link_active_background":"","ocean_menu_social_links_bg":"","ocean_menu_social_hover_links_bg":"","ocean_menu_social_links_color":"","ocean_menu_social_hover_links_color":"","ocean_disable_title":"default","ocean_disable_heading":"default","ocean_post_title":"","ocean_post_subheading":"","ocean_post_title_style":"","ocean_post_title_background_color":"","ocean_post_title_background":0,"ocean_post_title_bg_image_position":"","ocean_post_title_bg_image_attachment":"","ocean_post_title_bg_image_repeat":"","ocean_post_title_bg_image_size":"","ocean_post_title_height":0,"ocean_post_title_bg_overlay":0.5,"ocean_post_title_bg_overlay_color":"","ocean_disable_breadcrumbs":"default","ocean_breadcrumbs_color":"","ocean_breadcrumbs_separator_color":"","ocean_breadcrumbs_links_color":"","ocean_breadcrumbs_links_hover_color":"","ocean_display_footer_widgets":"default","ocean_display_footer_bottom":"default","ocean_custom_footer_template":"","footnotes":""},"class_list":["post-159","page","type-page","status-publish","hentry","entry"],"_links":{"self":[{"href":"https:\/\/nemethadam.hu\/index.php\/wp-json\/wp\/v2\/pages\/159","targetHints":{"allow":["GET"]}}],"collection":[{"href":"https:\/\/nemethadam.hu\/index.php\/wp-json\/wp\/v2\/pages"}],"about":[{"href":"https:\/\/nemethadam.hu\/index.php\/wp-json\/wp\/v2\/types\/page"}],"author":[{"embeddable":true,"href":"https:\/\/nemethadam.hu\/index.php\/wp-json\/wp\/v2\/users\/1"}],"replies":[{"embeddable":true,"href":"https:\/\/nemethadam.hu\/index.php\/wp-json\/wp\/v2\/comments?post=159"}],"version-history":[{"count":35,"href":"https:\/\/nemethadam.hu\/index.php\/wp-json\/wp\/v2\/pages\/159\/revisions"}],"predecessor-version":[{"id":323,"href":"https:\/\/nemethadam.hu\/index.php\/wp-json\/wp\/v2\/pages\/159\/revisions\/323"}],"wp:attachment":[{"href":"https:\/\/nemethadam.hu\/index.php\/wp-json\/wp\/v2\/media?parent=159"}],"curies":[{"name":"wp","href":"https:\/\/api.w.org\/{rel}","templated":true}]}}