{"id":156,"date":"2025-02-25T16:07:27","date_gmt":"2025-02-25T16:07:27","guid":{"rendered":"http:\/\/localhost:8080\/?page_id=156"},"modified":"2025-04-08T14:26:03","modified_gmt":"2025-04-08T14:26:03","slug":"forditas","status":"publish","type":"page","link":"https:\/\/nemethadam.hu\/index.php\/forditas\/","title":{"rendered":"Ford\u00edt\u00e1s"},"content":{"rendered":"\t\t<div data-elementor-type=\"wp-page\" data-elementor-id=\"156\" class=\"elementor elementor-156\">\n\t\t\t\t<div class=\"elementor-element elementor-element-7c250d90 e-flex e-con-boxed e-con e-parent\" data-id=\"7c250d90\" data-element_type=\"container\">\n\t\t\t\t\t<div class=\"e-con-inner\">\n\t\t\t\t<div class=\"elementor-element elementor-element-1ed51226 elementor-widget elementor-widget-text-editor\" data-id=\"1ed51226\" data-element_type=\"widget\" data-widget_type=\"text-editor.default\">\n\t\t\t\t<div class=\"elementor-widget-container\">\n\t\t\t\t\t\t\t\t\t\n<p>Sz\u00e1mlak\u00e9pes egy\u00e9ni v\u00e1llalkoz\u00f3k\u00e9nt 2001 \u00f3ta foglalkozom ford\u00edt\u00e1ssal.\u00a0<\/p>\n\t\t\t\t\t\t\t\t<\/div>\n\t\t\t\t<\/div>\n\t\t\t\t<div class=\"elementor-element elementor-element-ef4b887 elementor-widget elementor-widget-heading\" data-id=\"ef4b887\" data-element_type=\"widget\" data-widget_type=\"heading.default\">\n\t\t\t\t<div class=\"elementor-widget-container\">\n\t\t\t\t\t<h2 class=\"elementor-heading-title elementor-size-default\">Nyelvp\u00e1rok<\/h2>\t\t\t\t<\/div>\n\t\t\t\t<\/div>\n\t\t\t\t\t<\/div>\n\t\t\t\t<\/div>\n\t\t<div class=\"elementor-element elementor-element-1e6a710 e-grid e-con-full e-con e-parent\" data-id=\"1e6a710\" data-element_type=\"container\">\n\t\t\t\t<div class=\"elementor-element elementor-element-b63560e elementor-widget elementor-widget-text-editor\" data-id=\"b63560e\" data-element_type=\"widget\" data-widget_type=\"text-editor.default\">\n\t\t\t\t<div class=\"elementor-widget-container\">\n\t\t\t\t\t\t\t\t\t<ul>\n<li>magyarr\u00f3l angolra<\/li>\n<li>magyarr\u00f3l n\u00e9metre<\/li>\n<li>angolr\u00f3l magyarra<\/li>\n<li>n\u00e9metr\u0151l magyarra<\/li>\n<li>d\u00e1nr\u00f3l magyarra<\/li>\n<\/ul>\t\t\t\t\t\t\t\t<\/div>\n\t\t\t\t<\/div>\n\t\t\t\t<div class=\"elementor-element elementor-element-ca70e0e elementor-widget elementor-widget-text-editor\" data-id=\"ca70e0e\" data-element_type=\"widget\" data-widget_type=\"text-editor.default\">\n\t\t\t\t<div class=\"elementor-widget-container\">\n\t\t\t\t\t\t\t\t\t<ul>\n<li>sv\u00e9dr\u0151l magyarra<\/li>\n<li>angolr\u00f3l n\u00e9metre<\/li>\n<li>n\u00e9metr\u0151l angolra<\/li>\n<li>d\u00e1nr\u00f3l n\u00e9metre<\/li>\n<li>d\u00e1nr\u00f3l angolra<\/li>\n<\/ul>\t\t\t\t\t\t\t\t<\/div>\n\t\t\t\t<\/div>\n\t\t\t\t<\/div>\n\t\t<div class=\"elementor-element elementor-element-1caa698 e-flex e-con-boxed e-con e-parent\" data-id=\"1caa698\" data-element_type=\"container\">\n\t\t\t\t\t<div class=\"e-con-inner\">\n\t\t\t\t<div class=\"elementor-element elementor-element-8f51120 elementor-widget elementor-widget-text-editor\" data-id=\"8f51120\" data-element_type=\"widget\" data-widget_type=\"text-editor.default\">\n\t\t\t\t<div class=\"elementor-widget-container\">\n\t\t\t\t\t\t\t\t\t<p>szerz\u0151d\u00e9sek, p\u00e9nz\u00fcgyi besz\u00e1mol\u00f3k, m\u00e9rlegek, kimutat\u00e1sok, \u00fczleti levelez\u00e9s, haszn\u00e1lati utas\u00edt\u00e1sok, term\u00e9kle\u00edr\u00e1sok, oklevelek, bizony\u00edtv\u00e1nyok, dolgozatok, disszert\u00e1ci\u00f3k, szakcikkek, diplomadolgozatok, tervdokument\u00e1ci\u00f3k, m\u0171le\u00edr\u00e1sok, prospektusok, k\u00f6nyvek ford\u00edt\u00e1sa<\/p>\t\t\t\t\t\t\t\t<\/div>\n\t\t\t\t<\/div>\n\t\t\t\t<div class=\"elementor-element elementor-element-599c83b elementor-widget elementor-widget-heading\" data-id=\"599c83b\" data-element_type=\"widget\" data-widget_type=\"heading.default\">\n\t\t\t\t<div class=\"elementor-widget-container\">\n\t\t\t\t\t<h2 class=\"elementor-heading-title elementor-size-default\">Min\u0151s\u00e9gi ford\u00edt\u00e1s \u2013 hat\u00e1rid\u0151re \u2013 kedvez\u0151 \u00e1ron<\/h2>\t\t\t\t<\/div>\n\t\t\t\t<\/div>\n\t\t\t\t<div class=\"elementor-element elementor-element-ba143c2 elementor-align-center elementor-widget elementor-widget-button\" data-id=\"ba143c2\" data-element_type=\"widget\" data-widget_type=\"button.default\">\n\t\t\t\t<div class=\"elementor-widget-container\">\n\t\t\t\t\t\t\t\t\t<div class=\"elementor-button-wrapper\">\n\t\t\t\t\t<a class=\"elementor-button elementor-button-link elementor-size-sm\" href=\"http:\/\/localhost:8080\/index.php\/kapcsolat\/\">\n\t\t\t\t\t\t<span class=\"elementor-button-content-wrapper\">\n\t\t\t\t\t\t\t\t\t<span class=\"elementor-button-text\">Kapcsolatfelv\u00e9tel<\/span>\n\t\t\t\t\t<\/span>\n\t\t\t\t\t<\/a>\n\t\t\t\t<\/div>\n\t\t\t\t\t\t\t\t<\/div>\n\t\t\t\t<\/div>\n\t\t<div class=\"elementor-element elementor-element-c734961 e-con-full e-flex e-con e-child\" data-id=\"c734961\" data-element_type=\"container\">\n\t\t\t\t<\/div>\n\t\t\t\t\t<\/div>\n\t\t\t\t<\/div>\n\t\t\t\t<\/div>\n\t\t","protected":false},"excerpt":{"rendered":"<p>Sz\u00e1mlak\u00e9pes egy\u00e9ni v\u00e1llalkoz\u00f3k\u00e9nt 2001 \u00f3ta foglalkozom ford\u00edt\u00e1ssal.\u00a0 Nyelvp\u00e1rok magyarr\u00f3l angolra magyarr\u00f3l n\u00e9metre angolr\u00f3l magyarra n\u00e9metr\u0151l magyarra d\u00e1nr\u00f3l magyarra sv\u00e9dr\u0151l magyarra angolr\u00f3l n\u00e9metre n\u00e9metr\u0151l angolra d\u00e1nr\u00f3l n\u00e9metre d\u00e1nr\u00f3l angolra szerz\u0151d\u00e9sek, p\u00e9nz\u00fcgyi besz\u00e1mol\u00f3k, m\u00e9rlegek, kimutat\u00e1sok, \u00fczleti levelez\u00e9s, haszn\u00e1lati utas\u00edt\u00e1sok, term\u00e9kle\u00edr\u00e1sok, oklevelek, bizony\u00edtv\u00e1nyok, dolgozatok, disszert\u00e1ci\u00f3k, szakcikkek, diplomadolgozatok, tervdokument\u00e1ci\u00f3k, m\u0171le\u00edr\u00e1sok, prospektusok, k\u00f6nyvek ford\u00edt\u00e1sa Min\u0151s\u00e9gi ford\u00edt\u00e1s \u2013 hat\u00e1rid\u0151re \u2013 kedvez\u0151 [&hellip;]<\/p>\n","protected":false},"author":1,"featured_media":0,"parent":0,"menu_order":0,"comment_status":"closed","ping_status":"closed","template":"","meta":{"ocean_post_layout":"","ocean_both_sidebars_style":"","ocean_both_sidebars_content_width":0,"ocean_both_sidebars_sidebars_width":0,"ocean_sidebar":"","ocean_second_sidebar":"","ocean_disable_margins":"enable","ocean_add_body_class":"","ocean_shortcode_before_top_bar":"","ocean_shortcode_after_top_bar":"","ocean_shortcode_before_header":"","ocean_shortcode_after_header":"","ocean_has_shortcode":"","ocean_shortcode_after_title":"","ocean_shortcode_before_footer_widgets":"","ocean_shortcode_after_footer_widgets":"","ocean_shortcode_before_footer_bottom":"","ocean_shortcode_after_footer_bottom":"","ocean_display_top_bar":"default","ocean_display_header":"default","ocean_header_style":"","ocean_center_header_left_menu":"","ocean_custom_header_template":"","ocean_custom_logo":0,"ocean_custom_retina_logo":0,"ocean_custom_logo_max_width":0,"ocean_custom_logo_tablet_max_width":0,"ocean_custom_logo_mobile_max_width":0,"ocean_custom_logo_max_height":0,"ocean_custom_logo_tablet_max_height":0,"ocean_custom_logo_mobile_max_height":0,"ocean_header_custom_menu":"","ocean_menu_typo_font_family":"","ocean_menu_typo_font_subset":"","ocean_menu_typo_font_size":0,"ocean_menu_typo_font_size_tablet":0,"ocean_menu_typo_font_size_mobile":0,"ocean_menu_typo_font_size_unit":"px","ocean_menu_typo_font_weight":"","ocean_menu_typo_font_weight_tablet":"","ocean_menu_typo_font_weight_mobile":"","ocean_menu_typo_transform":"","ocean_menu_typo_transform_tablet":"","ocean_menu_typo_transform_mobile":"","ocean_menu_typo_line_height":0,"ocean_menu_typo_line_height_tablet":0,"ocean_menu_typo_line_height_mobile":0,"ocean_menu_typo_line_height_unit":"","ocean_menu_typo_spacing":0,"ocean_menu_typo_spacing_tablet":0,"ocean_menu_typo_spacing_mobile":0,"ocean_menu_typo_spacing_unit":"","ocean_menu_link_color":"","ocean_menu_link_color_hover":"","ocean_menu_link_color_active":"","ocean_menu_link_background":"","ocean_menu_link_hover_background":"","ocean_menu_link_active_background":"","ocean_menu_social_links_bg":"","ocean_menu_social_hover_links_bg":"","ocean_menu_social_links_color":"","ocean_menu_social_hover_links_color":"","ocean_disable_title":"default","ocean_disable_heading":"default","ocean_post_title":"","ocean_post_subheading":"","ocean_post_title_style":"","ocean_post_title_background_color":"","ocean_post_title_background":0,"ocean_post_title_bg_image_position":"","ocean_post_title_bg_image_attachment":"","ocean_post_title_bg_image_repeat":"","ocean_post_title_bg_image_size":"","ocean_post_title_height":0,"ocean_post_title_bg_overlay":0.5,"ocean_post_title_bg_overlay_color":"","ocean_disable_breadcrumbs":"default","ocean_breadcrumbs_color":"","ocean_breadcrumbs_separator_color":"","ocean_breadcrumbs_links_color":"","ocean_breadcrumbs_links_hover_color":"","ocean_display_footer_widgets":"default","ocean_display_footer_bottom":"default","ocean_custom_footer_template":"","footnotes":""},"class_list":["post-156","page","type-page","status-publish","hentry","entry"],"_links":{"self":[{"href":"https:\/\/nemethadam.hu\/index.php\/wp-json\/wp\/v2\/pages\/156","targetHints":{"allow":["GET"]}}],"collection":[{"href":"https:\/\/nemethadam.hu\/index.php\/wp-json\/wp\/v2\/pages"}],"about":[{"href":"https:\/\/nemethadam.hu\/index.php\/wp-json\/wp\/v2\/types\/page"}],"author":[{"embeddable":true,"href":"https:\/\/nemethadam.hu\/index.php\/wp-json\/wp\/v2\/users\/1"}],"replies":[{"embeddable":true,"href":"https:\/\/nemethadam.hu\/index.php\/wp-json\/wp\/v2\/comments?post=156"}],"version-history":[{"count":31,"href":"https:\/\/nemethadam.hu\/index.php\/wp-json\/wp\/v2\/pages\/156\/revisions"}],"predecessor-version":[{"id":326,"href":"https:\/\/nemethadam.hu\/index.php\/wp-json\/wp\/v2\/pages\/156\/revisions\/326"}],"wp:attachment":[{"href":"https:\/\/nemethadam.hu\/index.php\/wp-json\/wp\/v2\/media?parent=156"}],"curies":[{"name":"wp","href":"https:\/\/api.w.org\/{rel}","templated":true}]}}